{"id":4904,"date":"2010-03-11T11:53:37","date_gmt":"2010-03-11T10:53:37","guid":{"rendered":"https:\/\/www.tecnocarp-pc.com\/ufficio-tecnico\/"},"modified":"2018-06-27T13:16:51","modified_gmt":"2018-06-27T13:16:51","slug":"ufficio-tecnico","status":"publish","type":"page","link":"https:\/\/www.tecnocarp-pc.com\/en\/carpentry\/ufficio-tecnico\/","title":{"rendered":"Technical department"},"content":{"rendered":"<p>The quality of Tecnocarp&#8217;s products is also based on an <strong>in-house technical department <\/strong>able to <strong>read, analyse and develop the design<\/strong> in the most efficient and suitable way in relation to the client&#8217;s needs. The work is carried out with <strong>3D CAD systems<\/strong>, from which the relative specifications, details and work sheet are obtained for each single piece. The cutting plans are decided with a specific CAD\/CAM software to <strong>optimize sheet cutting (nesting)<\/strong> in order to reduce scraps to the minimum and obtain an initial saving on the use of raw material.<\/p>\n<h3>Client support<\/h3>\n<p>Thanks to many years of experience in the industrial metalwork field, Tecnocarp\u2019s technical department is able to evaluate, during the analysis phase, the feasibility of the pieces to be produced and propose possible alternative solutions. This implies the <strong>resolution of potential problems<\/strong>, thus optimizing the execution times with a consequent <strong>reduction in costs<\/strong>.<\/p>\n<h3>Planning<\/h3>\n<p>Tecnocarp plans the production with computerized systems and thanks to the <strong>constant monitoring<\/strong> of the same production phase, it is able to guarantee <strong>punctual deliveries<\/strong>.<\/p>\n<h3>Nesting<\/h3>\n<p>Tecnocarp uses a <strong>steel sheets warehouse<\/strong> with a constant stock of <strong>5,000 quintals<\/strong>, that supplies the production cycle, thus ensuring <strong>prompt execution of orders<\/strong>.<\/p>\n<h3>DESIGN<\/h3>\n<p>Furthermore, thanks to the partnership established a few years ago with a <strong>prestigious technical design office<\/strong>, which can boast many years of experience in the <strong>design of highly technological machines<\/strong>, Tecnocarp is able to offer a finished product, possibly complete with <strong>structural calculations, FEM analysis<\/strong> and drawings developed with <strong>2D-3D CAD systems<\/strong>.<\/p>\n","protected":false},"excerpt":{"rendered":"<p>La qualit\u00e0 dei  manufatti di Tecnocarp non pu\u00f2 prescindere da un ufficio tecnico interno in grado di leggere, analizzare e sviluppare il disegno nella maniera pi\u00f9 performante e adatta alle esigenze del cliente.<\/p>\n","protected":false},"author":5,"featured_media":3967,"parent":4910,"menu_order":5,"comment_status":"closed","ping_status":"closed","template":"","meta":{"_aioseo_title":"Tecnocarp Piacenza | Carpenteria industriale | Ufficio Tecnico","_aioseo_description":"La qualit\u00e0 dei  manufatti di Tecnocarp non pu\u00f2 prescindere da un ufficio tecnico interno in grado di leggere, analizzare e sviluppare il disegno nella maniera pi\u00f9 performante e adatta alle esigenze del cliente.","footnotes":""},"class_list":["post-4904","page","type-page","status-publish","has-post-thumbnail"],"_links":{"self":[{"href":"https:\/\/www.tecnocarp-pc.com\/en\/wp-json\/wp\/v2\/pages\/4904","targetHints":{"allow":["GET"]}}],"collection":[{"href":"https:\/\/www.tecnocarp-pc.com\/en\/wp-json\/wp\/v2\/pages"}],"about":[{"href":"https:\/\/www.tecnocarp-pc.com\/en\/wp-json\/wp\/v2\/types\/page"}],"author":[{"embeddable":true,"href":"https:\/\/www.tecnocarp-pc.com\/en\/wp-json\/wp\/v2\/users\/5"}],"replies":[{"embeddable":true,"href":"https:\/\/www.tecnocarp-pc.com\/en\/wp-json\/wp\/v2\/comments?post=4904"}],"version-history":[{"count":2,"href":"https:\/\/www.tecnocarp-pc.com\/en\/wp-json\/wp\/v2\/pages\/4904\/revisions"}],"predecessor-version":[{"id":4919,"href":"https:\/\/www.tecnocarp-pc.com\/en\/wp-json\/wp\/v2\/pages\/4904\/revisions\/4919"}],"up":[{"embeddable":true,"href":"https:\/\/www.tecnocarp-pc.com\/en\/wp-json\/wp\/v2\/pages\/4910"}],"wp:featuredmedia":[{"embeddable":true,"href":"https:\/\/www.tecnocarp-pc.com\/en\/wp-json\/wp\/v2\/media\/3967"}],"wp:attachment":[{"href":"https:\/\/www.tecnocarp-pc.com\/en\/wp-json\/wp\/v2\/media?parent=4904"}],"curies":[{"name":"wp","href":"https:\/\/api.w.org\/{rel}","templated":true}]}}