{"id":4903,"date":"2010-04-28T14:13:15","date_gmt":"2010-04-28T14:13:15","guid":{"rendered":"https:\/\/www.tecnocarp-pc.com\/informativa-ex-art-13-d-lgs-1962003\/"},"modified":"2022-11-28T10:21:57","modified_gmt":"2022-11-28T10:21:57","slug":"privacy-policy","status":"publish","type":"page","link":"https:\/\/www.tecnocarp-pc.com\/en\/privacy-policy\/","title":{"rendered":"PRIVACY POLICY"},"content":{"rendered":"<p>Questa Privacy Policy \u00e8 resa ai sensi dell\u2019art. 13 del Regolamento Europeo n. 679\/2016 e si applica esclusivamente a tutti i Dati raccolti attraverso il Sito web www.tecnocarp-pc.com. La presente Privacy Policy \u00e8 soggetta ad aggiornamenti che verranno pubblicati puntualmente sul Sito web. La presente Privacy Policy e la <a href=\"https:\/\/www.tecnocarp-pc.com\/en\/cookie-policy\/\">Cookie Policy<\/a>, stabiliscono le basi sulle quali verranno elaborati i Dati personali dell\u2019Utente.<\/p>\n<h4>Titolare del Trattamento<\/h4>\n<p>Il Titolare del Trattamento dei Dati raccolti da questo Sito web \u00e8 Tecnocarp S.r.l., con sede legale in Ponte Dell\u2019Olio (PC), 29028, via Dell\u2019Artigianato n. 3, P.IVA 0027277030, e-mail: info@tecnocarp.it<\/p>\n<h4>Modalit\u00e0 di Trattamento dei Dati Personali<\/h4>\n<p>I Dati Personali forniti o acquisiti saranno oggetto di Trattamento improntato ai principi di correttezza, liceit\u00e0, trasparenza e di tutela della riservatezza ai sensi delle vigenti normative. Il Titolare tratta i Dati Personali degli Utenti adottando le opportune misure di sicurezza volte ad impedire l\u2019accesso, la divulgazione, la modifica o la distruzione non autorizzate dei Dati Personali. Il Trattamento viene effettuato mediante strumenti informatici e\/o telematici, con modalit\u00e0 organizzative e con logiche strettamente correlate alle finalit\u00e0 indicate.<\/p>\n<h4>Finalit\u00e0 del Trattamento dei Dati personali e Base giuridica<\/h4>\n<p>I Dati Personali possono essere raccolti in modo autonomo dal Titolare o tramite terze parti. In questo caso i sistemi informatici e le procedure software preposte al funzionamento del presente Sito web acquisiscono alcuni Dati Personali degli Utenti, di carattere tecnico-informatico (ad es. l\u2019indirizzo IP, il tipo di browser utilizzato, il sistema operativo, il nome di dominio e gli indirizzi di siti web dai quali \u00e8 stato effettuato l\u2019accesso o l\u2019uscita, ecc.), la trasmissione dei quali \u00e8 connaturata al normale funzionamento di internet. Tali Dati potranno essere trattati al solo fine di ricavare informazioni statistiche anonime sull\u2019uso del sito e\/o per controllarne il corretto funzionamento e saranno cancellati immediatamente dopo l\u2019elaborazione.<br \/>\nI Dati che l\u2019Utente sceglie di fornire spontaneamente sono raccolti per consentire al Sito web di fornire i propri servizi, cos\u00ec come per le seguenti Finalit\u00e0:<\/p>\n<p>a) per effettuare analisi statistiche su dati aggregati e anonimi per analizzare i comportamenti, dell\u2019Utente per migliorare i prodotti e i servizi forniti dal Titolare nonch\u00e9 soddisfare le aspettative dell\u2019Utente stesso;<\/p>\n<p>c) per raccogliere, tramite apposito form, i curriculum vitae degli utenti interessati ad una posizione lavorativa.<\/p>\n<p>d) per adempiere a qualunque tipo di obbligo contemplato e previsto dalle vigenti leggi, regolamenti, normative correlate, usi commerciali e materia tributaria\/fiscale. Questo trattamento \u00e8 obbligatorio per adempiere un obbligo legale al quale \u00e8 soggetto il Titolare del Trattamento;<\/p>\n<p>e) per altre finalit\u00e0 accessorie o collegate a quelle sopra indicate e comunque rientranti nell\u2019ambito delle attivit\u00e0 del Sito web.<\/p>\n<h4>Categoria di Dati Personali trattati<\/h4>\n<p>Tra i Dati Personali trattati da questo Sito web, in modo autonomo o tramite terze parti, ci sono Dati Comuni quali: Cookie, Dati di utilizzo, nome, email, telefono, curriculum vitae. L&#8217;invio facoltativo, esplicito e volontario di posta elettronica tramite Modulo Contatti o per mezzo degli indirizzi indicati su questo Sito web, comporta la successiva acquisizione dell&#8217;indirizzo del mittente, necessario per rispondere alle richieste, nonch\u00e9 degli eventuali altri Dati Personali inseriti nella email.<\/p>\n<h4>Comunicazione dei Dati<\/h4>\n<p>Oltre al Titolare, in alcuni casi, potrebbero avere accesso ai Dati:<br \/>\na) categorie di Incaricati a ci\u00f2 appositamente formati coinvolti nell\u2019organizzazione del Sito web (personale amministrativo, commerciale, marketing, legali, amministratori di sistema);<br \/>\nb) soggetti esterni (come fornitori di servizi tecnici terzi, hosting provider, societ\u00e0 informatiche, agenzie di comunicazione) nominati anche Responsabili del Trattamento da parte del Titolare ex art. 28 GDPR. L&#8217;elenco aggiornato dei Responsabili, se nominati, potr\u00e0 sempre essere richiesto al Titolare del Trattamento;<br \/>\nc) soggetti pubblici o privati che possono accedere ai Dati in osservanza di obblighi di legge;<br \/>\nd) soggetti che svolgono compiti accessori e strumentali rispetto all\u2019attivit\u00e0 del Titolare;<\/p>\n<h4>Tempi del Trattamento<\/h4>\n<p>Cos\u00ec come espressamente previsto dall\u2019art. 5, co. 1, lett. e) del GDPR, i Dati sono conservati per il tempo necessario al Trattamento degli stessi in relazione allo svolgimento del servizio richiesto dall\u2019 Utente, o richiesto dalle Finalit\u00e0 descritte in questo documento e in particolare:<br \/>\n&#8211; I Dati raccolti per obblighi contrattuali saranno conservati per il tempo necessario all\u2019espletamento delle finalit\u00e0 suddette e secondo quanto previsto dalla legge;<br \/>\n&#8211; I Dati raccolti per obblighi fiscali \/amministrativi o per obblighi contrattuali saranno conservati per il tempo necessario all\u2019espletamento delle finalit\u00e0 suddette e secondo quanto previsto dalla legge;<br \/>\n&#8211; I Dati raccolti per Finalit\u00e0 riconducibili al legittimo interesse del Titolare saranno trattenuti sino al soddisfacimento di tale interesse; L\u2019Utente pu\u00f2 ottenere ulteriori informazioni in merito all\u2019interesse legittimo perseguito dal Titolare contattando il Titolare.<br \/>\n&#8211; I Dati raccolti in base al Consenso dell\u2019Utente potranno essere conservati fino a che tale Consenso non venga revocato;<br \/>\nI Dati possono essere conservati dal Titolare per un periodo pi\u00f9 lungo in ottemperanza a obblighi di legge o per ordine di un\u2019autorit\u00e0.<br \/>\nAl termine del periodo di conservazione i Dati Personali saranno cancellati e pertanto, non potranno pi\u00f9 essere esercitati i diritti di accesso, cancellazione, rettificazione e portabilit\u00e0 dei Dati<\/p>\n<h4>Cookie<\/h4>\n<p>Questo Sito web utilizza i cookie. I cookie sono piccoli file di testo che possono essere utilizzati dai siti web per rendere pi\u00f9 efficiente l&#8217;esperienza per l&#8217;utente e per personalizzare contenuti e gli annunci, fornire le funzioni dei social network e analizzare il traffico. <a href=\"https:\/\/www.tecnocarp-pc.com\/en\/cookie-policy\/\">Cookie Policy<\/a><\/p>\n<h4>Luogo del Trattamento e trasferimento dei Dati all\u2019estero<\/h4>\n<p>I Dati sono trattati presso la sede operativa del Titolare. Per ulteriori informazioni si pu\u00f2 contattare il Titolare del Trattamento. I Dati potranno essere trattati da persone fisiche e\/o soggetti giuridici operanti per conto del Titolare e in forza di specifici vincoli contrattuali e aventi sede in Paesi membri UE o extra UE. Nel caso in cui i Dati vengano trasferiti al di fuori del SEE, il Titolare adotter\u00e0 ogni misura contrattuale idonea a garantire un\u2019adeguata protezione dei Dati.<\/p>\n<h4>Strumenti utilizzati per il Trattamento dei Dati Personali<\/h4>\n<p><strong>GESTIONE INDIRIZZI EMAIL<\/strong><br \/>\nQuesti servizi consentono di gestire un database di contatti email, contatti telefonici o contatti di qualunque altro tipo, utilizzati per comunicare con l\u2019Utente. Questi servizi potrebbero inoltre consentire di raccogliere Dati relativi alla data e all\u2019ora di visualizzazione dei messaggi da parte dell&#8217;Utente, cos\u00ec come all&#8217;interazione dell\u2019Utente con essi, come le informazioni sui click sui collegamenti inseriti nei messaggi.<\/p>\n<p><strong>INTERAZIONE CON I SOCIAL NETWORK<\/strong><br \/>\nQuesti servizi permettono di effettuare interazioni con i social network direttamente dalle pagine di questo Sito web. Le interazioni e le informazioni acquisite da questo Sito web sono in ogni caso soggette alle impostazioni privacy dell\u2019Utente relative ad ogni social network. Nel caso in cui sia installato un servizio di interazione con i social network, \u00e8 possibile che, anche nel caso gli Utenti non utilizzino il servizio, lo stesso raccolga dati di traffico relativi alle pagine in cui \u00e8 installato.<\/p>\n<p><strong>1. Facebook (Meta Platforms, Inc.)<\/strong><br \/>\nI pulsanti di Facebook sono servizi di interazione con il social network Facebook, forniti da Meta Platforms, Inc. Dati Personali raccolti: Cookie e Dati di utilizzo. Luogo del trattamento: Irlanda \u2013 <a href=\"https:\/\/www.facebook.com\/privacy\/explanation\">Privacy Policy<\/a><\/p>\n<p><strong>2. LinkedIn (LinkedIn Ireland Unlimited Company)<\/strong><br \/>\nI pulsanti di LinkedIn sono servizi di interazione con il social network LinkedIn, forniti da LinkedIn Corporation. Dati Personali raccolti: Cookie e Dati di utilizzo. Luogo del trattamento: Irlanda \u2013 <a href=\"https:\/\/www.linkedin.com\/legal\/privacy-policy?_l=it_IT\">Privacy Policy<\/a><\/p>\n<p><strong>3. Twitter (Twitter International Company)<\/strong><br \/>\nI pulsanti di Twitter sono servizi di interazione con il social network Twitter, forniti da Twitter, Inc. Dati Personali raccolti: Cookie e Dati di utilizzo. Luogo del Trattamento: Irlanda &#8211; <a href=\"https:\/\/twitter.com\/it\/privacy\">Privacy Policy<\/a><\/p>\n<p><strong>CONTENUTI SU PIATTAFORME ESTERNE<\/strong><br \/>\nQuesti servizi permettono di visualizzare contenuti ospitati su piattaforme esterne direttamente dalle pagine di questo Sito web e di interagire con essi.<br \/>\nNel caso in cui sia installato un servizio di questo tipo, \u00e8 possibile che, anche nel caso gli Utenti non utilizzino il servizio, lo stesso raccolga Dati di traffico relativi alle pagine in cui \u00e8 installato.<br \/>\nQuesto Sito web utilizza<\/p>\n<p><strong>1. Google Maps<\/strong><br \/>\nGoogle Maps \u00e8 un servizio di visualizzazione di mappe gestito da Google che permette a questo Sito web di integrare tali contenuti all\u2019interno delle proprie pagine. Dati Personali raccolti: Cookie e Dati di utilizzo. Luogo del Trattamento: Irlanda &#8211; <a href=\"https:\/\/policies.google.com\/privacy?hl=it\">Privacy Policy<\/a><\/p>\n<p><strong>2. Vimeo (Vimeo Inc.)<\/strong><br \/>\nVimeo \u00e8 un servizio di visualizzazione di contenuti video gestito da Vimeo Inc. che permette a questa Applicazione di integrare tali contenuti all\u2019interno delle proprie pagine. Dati Personali raccolti: Cookie e Dati di utilizzo. Luogo del Trattamento: USA \u2013 <a href=\"https:\/\/vimeo.com\/privacy\">Privacy Policy<\/a><\/p>\n<p><strong>3. Youtube (Google Ireland Limited)<\/strong><br \/>\nYoutube \u00e8 un servizio di visualizzazione di contenuti video gestito da Google che permette a questo Sito web di integrare tali contenuti all\u2019interno delle proprie pagine. Dati Personali raccolti: Cookie e Dati di utilizzo. Luogo del Trattamento: Irlanda \u2013 <a href=\"https:\/\/policies.google.com\/privacy?hl=it\">Privacy Policy<\/a><\/p>\n<h4>Esercizio dei diritti dell&#8217;interessato<\/h4>\n<p>L\u2019Interessato ha diritto di esercitare le facolt\u00e0 previste agli artt. 7, 15-22 del Reg. Europeo 679\/2016. In particolare, ha diritto di revocare il proprio consenso in qualsiasi momento e, dietro semplice richiesta al Titolare del Trattamento, potr\u00e0 chiedere l\u2019accesso ai Dati Personali, ricevere i Dati personali forniti al Titolare e ove possibile trasmetterli ad un altro Titolare del trattamento senza impedimenti (c.d. portabilit\u00e0), ottenere l\u2019aggiornamento, la limitazione del trattamento, la rettificazione dei Dati e la cancellazione di quelli trattati in difformit\u00e0 dalla normativa vigente. Ha diritto, per motivi legittimi, di opporsi al Trattamento dei Dati Personali che lo riguardano ed al Trattamento per fini di invio di materiale pubblicitario, di vendita diretta e per il compimento di ricerche di mercato. Ha altres\u00ec diritto a proporre reclamo al Garante della Privacy quale autorit\u00e0 di controllo in materia di protezione dei dati personali. L\u2019interessato potr\u00e0 esercitare i suoi diritti contattando il Titolare a mezzo mail all\u2019indirizzo: info@tecnocarp.it.<\/p>\n<h4>Modifiche a questa Privacy Policy<\/h4>\n<p>Il Titolare del Trattamento si riserva il diritto di apportare modifiche alla presente Privacy Policy in qualunque momento dandone pubblicit\u00e0 agli Utenti su questa pagina. Si prega dunque di consultare spesso questa pagina, prendendo come riferimento la data di ultima modifica indicata in fondo. Nel caso di mancata accettazione delle modifiche apportate alla presente Privacy Policy, l\u2019Utente \u00e8 tenuto a cessare l\u2019utilizzo di questo Sito web e pu\u00f2 richiedere al Titolare del Trattamento di rimuovere i propri Dati Personali. Salvo quanto diversamente specificato, la precedente Privacy Policy continuer\u00e0 ad applicarsi ai Dati Personali sino a quel momento raccolti. Il Titolare non e\u0300 responsabile per l\u2019aggiornamento di tutti i link visualizzabili nella presente Privacy Policy, pertanto ogni qualvolta un link non sia funzionante e\/o aggiornato, gli Utenti riconoscono ed accettano che dovranno sempre far riferimento al documento e\/o sezione dei siti internet richiamati da tale link.<\/p>\n<p><strong><em>Privacy Policy aggiornata a marzo 2022<\/em><\/strong><\/p>\n","protected":false},"excerpt":{"rendered":"<p>Questa Privacy Policy \u00e8 resa ai sensi dell\u2019art. 13 del Regolamento Europeo n. 679\/2016 e si applica esclusivamente a tutti i Dati raccolti attraverso il Sito web www.tecnocarp-pc.com. La presente Privacy Policy \u00e8 soggetta ad aggiornamenti che verranno pubblicati puntualmente sul Sito web. La presente Privacy Policy e la Cookie Policy, stabiliscono le basi sulle quali verranno elaborati i Dati personali dell\u2019Utente. Titolare del Trattamento Il Titolare del Trattamento dei Dati raccolti da questo Sito web \u00e8 Tecnocarp S.r.l., con sede legale in Ponte Dell\u2019Olio (PC), 29028, via Dell\u2019Artigianato n. 3, P.IVA 0027277030, e-mail: info@tecnocarp.it Modalit\u00e0 di Trattamento dei Dati Personali I Dati Personali forniti o acquisiti saranno oggetto di Trattamento improntato ai principi di correttezza, liceit\u00e0, trasparenza e di tutela della riservatezza ai sensi delle vigenti normative. Il Titolare tratta i Dati Personali degli Utenti adottando le opportune misure di sicurezza volte ad impedire l\u2019accesso, la divulgazione, la modifica o la distruzione non autorizzate dei Dati Personali. Il Trattamento viene effettuato mediante strumenti informatici e\/o telematici, con modalit\u00e0 organizzative e con logiche strettamente correlate alle finalit\u00e0 indicate. Finalit\u00e0 del Trattamento dei Dati personali e Base giuridica I Dati Personali possono essere raccolti in modo autonomo dal Titolare o tramite terze parti. In questo caso i sistemi informatici e le procedure software preposte al funzionamento del presente Sito web acquisiscono alcuni Dati Personali degli Utenti, di carattere tecnico-informatico (ad es. l\u2019indirizzo IP, il tipo di browser utilizzato, il sistema operativo, il nome di dominio e gli indirizzi di siti web dai quali \u00e8 stato effettuato l\u2019accesso o l\u2019uscita, ecc.), la trasmissione dei quali \u00e8 connaturata al normale funzionamento di internet. Tali Dati potranno essere trattati al solo fine di ricavare informazioni statistiche anonime sull\u2019uso del sito e\/o per controllarne il corretto funzionamento e saranno cancellati immediatamente dopo l\u2019elaborazione. I Dati che l\u2019Utente sceglie di fornire spontaneamente sono raccolti per consentire al Sito web di fornire i propri servizi, cos\u00ec come per le seguenti Finalit\u00e0: a) per effettuare analisi statistiche su dati aggregati e anonimi per analizzare i comportamenti, dell\u2019Utente per migliorare i prodotti e i servizi forniti dal Titolare nonch\u00e9 soddisfare le aspettative dell\u2019Utente stesso; c) per raccogliere, tramite apposito form, i curriculum vitae degli utenti interessati ad una posizione lavorativa. d) per adempiere a qualunque tipo di obbligo contemplato e previsto dalle vigenti leggi, regolamenti, normative correlate, usi commerciali e materia tributaria\/fiscale. Questo trattamento \u00e8 obbligatorio per adempiere un obbligo legale al quale \u00e8 soggetto il Titolare del Trattamento; e) per altre finalit\u00e0 accessorie o collegate a quelle sopra indicate e comunque rientranti nell\u2019ambito delle attivit\u00e0 del Sito web. Categoria di Dati Personali trattati Tra i Dati Personali trattati da questo Sito web, in modo autonomo o tramite terze parti, ci sono Dati Comuni quali: Cookie, Dati di utilizzo, nome, email, telefono, curriculum vitae. L&#8217;invio facoltativo, esplicito e volontario di posta elettronica tramite Modulo Contatti o per mezzo degli indirizzi indicati su questo Sito web, comporta la successiva acquisizione dell&#8217;indirizzo del mittente, necessario per rispondere alle richieste, nonch\u00e9 degli eventuali altri Dati Personali inseriti nella email. Comunicazione dei Dati Oltre al Titolare, in alcuni casi, potrebbero avere accesso ai Dati: a) categorie di Incaricati a ci\u00f2 appositamente formati coinvolti nell\u2019organizzazione del Sito web (personale amministrativo, commerciale, marketing, legali, amministratori di sistema); b) soggetti esterni (come fornitori di servizi tecnici terzi, hosting provider, societ\u00e0 informatiche, agenzie di comunicazione) nominati anche Responsabili del Trattamento da parte del Titolare ex art. 28 GDPR. L&#8217;elenco aggiornato dei Responsabili, se nominati, potr\u00e0 sempre essere richiesto al Titolare del Trattamento; c) soggetti pubblici o privati che possono accedere ai Dati in osservanza di obblighi di legge; d) soggetti che svolgono compiti accessori e strumentali rispetto all\u2019attivit\u00e0 del Titolare; Tempi del Trattamento Cos\u00ec come espressamente previsto dall\u2019art. 5, co. 1, lett. e) del GDPR, i Dati sono conservati per il tempo necessario al Trattamento degli stessi in relazione allo svolgimento del servizio richiesto dall\u2019 Utente, o richiesto dalle Finalit\u00e0 descritte in questo documento e in particolare: &#8211; I Dati raccolti per obblighi contrattuali saranno conservati per il tempo necessario all\u2019espletamento delle finalit\u00e0 suddette e secondo quanto previsto dalla legge; &#8211; I Dati raccolti per obblighi fiscali \/amministrativi o per obblighi contrattuali saranno conservati per il tempo necessario all\u2019espletamento delle finalit\u00e0 suddette e secondo quanto previsto dalla legge; &#8211; I Dati raccolti per Finalit\u00e0 riconducibili al legittimo interesse del Titolare saranno trattenuti sino al soddisfacimento di tale interesse; L\u2019Utente pu\u00f2 ottenere ulteriori informazioni in merito all\u2019interesse legittimo perseguito dal Titolare contattando il Titolare. &#8211; I Dati raccolti in base al Consenso dell\u2019Utente potranno essere conservati fino a che tale Consenso non venga revocato; I Dati possono essere conservati dal Titolare per un periodo pi\u00f9 lungo in ottemperanza a obblighi di legge o per ordine di un\u2019autorit\u00e0. Al termine del periodo di conservazione i Dati Personali saranno cancellati e pertanto, non potranno pi\u00f9 essere esercitati i diritti di accesso, cancellazione, rettificazione e portabilit\u00e0 dei Dati Cookie Questo Sito web utilizza i cookie. I cookie sono piccoli file di testo che possono essere utilizzati dai siti web per rendere pi\u00f9 efficiente l&#8217;esperienza per l&#8217;utente e per personalizzare contenuti e gli annunci, fornire le funzioni dei social network e analizzare il traffico. Cookie Policy Luogo del Trattamento e trasferimento dei Dati all\u2019estero I Dati sono trattati presso la sede operativa del Titolare. Per ulteriori informazioni si pu\u00f2 contattare il Titolare del Trattamento. I Dati potranno essere trattati da persone fisiche e\/o soggetti giuridici operanti per conto del Titolare e in forza di specifici vincoli contrattuali e aventi sede in Paesi membri UE o extra UE. Nel caso in cui i Dati vengano trasferiti al di fuori del SEE, il Titolare adotter\u00e0 ogni misura contrattuale idonea a garantire un\u2019adeguata protezione dei Dati. Strumenti utilizzati per il Trattamento dei Dati Personali GESTIONE INDIRIZZI EMAIL Questi servizi consentono di gestire un database di contatti email, contatti telefonici o contatti di qualunque altro tipo, utilizzati per comunicare con l\u2019Utente. Questi servizi potrebbero inoltre consentire di raccogliere Dati relativi alla data e all\u2019ora di visualizzazione [&hellip;]<\/p>\n","protected":false},"author":5,"featured_media":0,"parent":0,"menu_order":33,"comment_status":"closed","ping_status":"closed","template":"","meta":{"_aioseo_title":"","_aioseo_description":"","footnotes":""},"class_list":["post-4903","page","type-page","status-publish"],"_links":{"self":[{"href":"https:\/\/www.tecnocarp-pc.com\/en\/wp-json\/wp\/v2\/pages\/4903","targetHints":{"allow":["GET"]}}],"collection":[{"href":"https:\/\/www.tecnocarp-pc.com\/en\/wp-json\/wp\/v2\/pages"}],"about":[{"href":"https:\/\/www.tecnocarp-pc.com\/en\/wp-json\/wp\/v2\/types\/page"}],"author":[{"embeddable":true,"href":"https:\/\/www.tecnocarp-pc.com\/en\/wp-json\/wp\/v2\/users\/5"}],"replies":[{"embeddable":true,"href":"https:\/\/www.tecnocarp-pc.com\/en\/wp-json\/wp\/v2\/comments?post=4903"}],"version-history":[{"count":5,"href":"https:\/\/www.tecnocarp-pc.com\/en\/wp-json\/wp\/v2\/pages\/4903\/revisions"}],"predecessor-version":[{"id":6213,"href":"https:\/\/www.tecnocarp-pc.com\/en\/wp-json\/wp\/v2\/pages\/4903\/revisions\/6213"}],"wp:attachment":[{"href":"https:\/\/www.tecnocarp-pc.com\/en\/wp-json\/wp\/v2\/media?parent=4903"}],"curies":[{"name":"wp","href":"https:\/\/api.w.org\/{rel}","templated":true}]}}